{"id":68,"date":"2024-03-17T20:13:29","date_gmt":"2024-03-17T19:13:29","guid":{"rendered":"https:\/\/humana-therapie.com\/?page_id=68"},"modified":"2025-09-23T13:01:34","modified_gmt":"2025-09-23T11:01:34","slug":"f-a-q","status":"publish","type":"page","link":"https:\/\/humana-therapie.com\/index.php\/f-a-q\/","title":{"rendered":"F.A.Q."},"content":{"rendered":"<p><!DOCTYPE html><br \/>\n<html lang=\"fr\"><br \/>\n<head><br \/>\n    <meta charset=\"UTF-8\"><br \/>\n    <meta name=\"viewport\" content=\"width=device-width, initial-scale=1.0\"><br \/>\n    <title>Page avec fond noir<\/title><br \/>\n<\/head><br \/>\n<body style=\"background-color: black; color: white;\"><\/p>\n\n\n<figure class=\"wp-block-gallery has-nested-images columns-default is-cropped wp-block-gallery-1 is-layout-flex wp-block-gallery-is-layout-flex\">\n<figure class=\"wp-block-image size-large is-style-rounded wp-duotone-foreground-and-background\"><img loading=\"lazy\" decoding=\"async\" width=\"683\" height=\"1024\" data-id=\"81\" src=\"http:\/\/humana-therapie.com\/wp-content\/uploads\/2024\/03\/marcel-strauss-ocAo7MwGfHY-unsplash-683x1024.jpg\" alt=\"\" class=\"wp-image-81\" srcset=\"https:\/\/humana-therapie.com\/wp-content\/uploads\/2024\/03\/marcel-strauss-ocAo7MwGfHY-unsplash-683x1024.jpg 683w, https:\/\/humana-therapie.com\/wp-content\/uploads\/2024\/03\/marcel-strauss-ocAo7MwGfHY-unsplash-200x300.jpg 200w, https:\/\/humana-therapie.com\/wp-content\/uploads\/2024\/03\/marcel-strauss-ocAo7MwGfHY-unsplash-768x1152.jpg 768w, https:\/\/humana-therapie.com\/wp-content\/uploads\/2024\/03\/marcel-strauss-ocAo7MwGfHY-unsplash-1024x1536.jpg 1024w, https:\/\/humana-therapie.com\/wp-content\/uploads\/2024\/03\/marcel-strauss-ocAo7MwGfHY-unsplash-1365x2048.jpg 1365w, https:\/\/humana-therapie.com\/wp-content\/uploads\/2024\/03\/marcel-strauss-ocAo7MwGfHY-unsplash-scaled.jpg 1707w\" sizes=\"auto, (max-width: 683px) 100vw, 683px\" \/><\/figure>\n\n\n\n<figure class=\"wp-block-image size-large is-style-rounded\"><img loading=\"lazy\" decoding=\"async\" width=\"683\" height=\"1024\" data-id=\"81\" src=\"https:\/\/humana-therapie.com\/wp-content\/uploads\/2024\/03\/marcel-strauss-ocAo7MwGfHY-unsplash-683x1024.jpg\" alt=\"\" class=\"wp-image-81\" srcset=\"https:\/\/humana-therapie.com\/wp-content\/uploads\/2024\/03\/marcel-strauss-ocAo7MwGfHY-unsplash-683x1024.jpg 683w, https:\/\/humana-therapie.com\/wp-content\/uploads\/2024\/03\/marcel-strauss-ocAo7MwGfHY-unsplash-200x300.jpg 200w, https:\/\/humana-therapie.com\/wp-content\/uploads\/2024\/03\/marcel-strauss-ocAo7MwGfHY-unsplash-768x1152.jpg 768w, https:\/\/humana-therapie.com\/wp-content\/uploads\/2024\/03\/marcel-strauss-ocAo7MwGfHY-unsplash-1024x1536.jpg 1024w, https:\/\/humana-therapie.com\/wp-content\/uploads\/2024\/03\/marcel-strauss-ocAo7MwGfHY-unsplash-1365x2048.jpg 1365w, https:\/\/humana-therapie.com\/wp-content\/uploads\/2024\/03\/marcel-strauss-ocAo7MwGfHY-unsplash-scaled.jpg 1707w\" sizes=\"auto, (max-width: 683px) 100vw, 683px\" \/><\/figure>\n\n\n\n<figure class=\"wp-block-image size-large is-style-rounded wp-duotone-foreground-and-background\"><img loading=\"lazy\" decoding=\"async\" width=\"683\" height=\"1024\" data-id=\"81\" src=\"https:\/\/humana-therapie.com\/wp-content\/uploads\/2024\/03\/marcel-strauss-ocAo7MwGfHY-unsplash-683x1024.jpg\" alt=\"\" class=\"wp-image-81\" srcset=\"https:\/\/humana-therapie.com\/wp-content\/uploads\/2024\/03\/marcel-strauss-ocAo7MwGfHY-unsplash-683x1024.jpg 683w, https:\/\/humana-therapie.com\/wp-content\/uploads\/2024\/03\/marcel-strauss-ocAo7MwGfHY-unsplash-200x300.jpg 200w, https:\/\/humana-therapie.com\/wp-content\/uploads\/2024\/03\/marcel-strauss-ocAo7MwGfHY-unsplash-768x1152.jpg 768w, https:\/\/humana-therapie.com\/wp-content\/uploads\/2024\/03\/marcel-strauss-ocAo7MwGfHY-unsplash-1024x1536.jpg 1024w, https:\/\/humana-therapie.com\/wp-content\/uploads\/2024\/03\/marcel-strauss-ocAo7MwGfHY-unsplash-1365x2048.jpg 1365w, https:\/\/humana-therapie.com\/wp-content\/uploads\/2024\/03\/marcel-strauss-ocAo7MwGfHY-unsplash-scaled.jpg 1707w\" sizes=\"auto, (max-width: 683px) 100vw, 683px\" \/><\/figure>\n<\/figure>\n\n\n\n<h2 class=\"wp-block-heading\"><strong>C&rsquo;est quoi exactement l&rsquo;\u00e9tat d&rsquo;hypnose ?<\/strong><\/h2>\n\n\n\n<p>C&rsquo;est un \u00e9tat de conscience modifi\u00e9 qui vous permet d&rsquo;acc\u00e9der \u00e0 vos ressources inconscientes. Gr\u00e2ce \u00e0 cela, vous pouvez op\u00e9rer des changements profonds et durables, car pour beaucoup, la source de nos maux se situe dans l&rsquo;inconscient. Il est important de noter que pour que cela fonctionne il est indispensable d&rsquo;\u00eatre actif\/active et motiv\u00e9.e durant toute la s\u00e9ance.<\/p>\n\n\n\n<h2 class=\"wp-block-heading has-text-align-right\"><strong>Est-ce que l&rsquo;hypnose \u00e7a marche pour tout le monde ?<\/strong><\/h2>\n\n\n\n<p class=\"has-text-align-right\">L&rsquo;\u00e9tat d&rsquo;hypnose est tout \u00e0 fait naturel et nous le vivons parfois plusieurs fois par jour. Par cons\u00e9quent, oui \u00e7a marche pour tout le monde.<\/p>\n\n\n\n<h2 class=\"wp-block-heading\"><strong>Peut-on tout gu\u00e9rir avec l&rsquo;hypnose ?<\/strong><\/h2>\n\n\n\n<p>Non, pour simplifier : il faut distinguer la m\u00e9decine (qui n&rsquo;est pas mon domaine) de l&rsquo;hypnoth\u00e9rapie. Si par exemple vous souhaitez faire de l&rsquo;hypnoth\u00e9rapie et que vous prenez d\u00e9j\u00e0 un traitement, ne l&rsquo;arr\u00eatez surtout pas sans avis m\u00e9dical. Cependant, l&rsquo;hypnose permet de travailler sur de nombreux aspects de la sant\u00e9 (psychologique et physique) dont vous trouverez une liste (non exhaustive) dans l&rsquo;onglet <a href=\"https:\/\/humana-therapie.com\/index.php\/les-champs-dapplication-de-lhypnose-sont-vastes\/\">Les champs d&rsquo;application de l&rsquo;hypnose<\/a>.<\/p>\n\n\n\n<h2 class=\"wp-block-heading has-text-align-right\"><strong>Alors \u00e0 quoi \u00e7a sert ?<\/strong><\/h2>\n\n\n\n<p class=\"has-text-align-right\">Tout simplement \u00e0 proposer une alternative non m\u00e9dicamenteuse, qui ne n\u00e9cessite aucune op\u00e9ration invasive (chirurgie) et qui permet \u00e0 chacun.e de reprendre le contr\u00f4le, en travaillant avec l&rsquo;inconscient.<\/p>\n\n\n\n<h2 class=\"wp-block-heading\"><strong>Mais comment \u00e7a \u00ab\u00a0en travaillant avec l&rsquo;inconscient\u00a0\u00bb ?<\/strong><\/h2>\n\n\n\n<p>Je comprends que \u00e7a puisse para\u00eetre vague dit comme cela, je vais donc prendre un exemple : la cigarette.<\/p>\n\n\n\n<p><em>Lorsqu&rsquo;on commence \u00e0 fumer, c&rsquo;est souvent (pas toujours mais souvent) \u00e0 l&rsquo;adolescence. C&rsquo;est un moment de construction de son identit\u00e9, d&rsquo;affirmation de soi, de r\u00e9bellion, de prise de libert\u00e9, de cr\u00e9ation d&rsquo;amiti\u00e9s fortes&#8230; Tout cela est globalement tr\u00e8s positif. Et c&rsquo;est l\u00e0 le pi\u00e8ge de la cigarette. Inconsciemment, vous avez associ\u00e9 tous ces \u00e9l\u00e9ments positifs \u00e0 la cigarette, elle s&rsquo;est insidieusement gliss\u00e9e dans le paysage de votre construction identitaire. Gr\u00e2ce \u00e0 l&rsquo;hypnose, nous allons d\u00e9tricoter tout cela et faire en sorte que le \u00ab\u00a0mensonge soit r\u00e9v\u00e9l\u00e9\u00a0\u00bb et que votre inconscient comprenne qu&rsquo;il a \u00e9t\u00e9 dup\u00e9. <\/em><\/p>\n\n\n\n<h2 class=\"wp-block-heading has-text-align-right\"><strong>Comment se d\u00e9roule une s\u00e9ance d&rsquo;hypnose ?<\/strong><\/h2>\n\n\n\n<p class=\"has-text-align-right\">Apr\u00e8s avoir pris un temps pour \u00e9changer et mieux vous conna\u00eetre, je vous expliquerai succinctement comment je travaille, ce qu&rsquo;est l&rsquo;hypnose et comment elle fonctionne. Une fois cela fait, je vous guiderai pas-\u00e0-pas pour que vous rentriez en \u00e9tat d&rsquo;hypnose et que vous acc\u00e9diez \u00e0 vos ressources inconscientes, qui vous permettront d&rsquo;effectuer les changements profonds que vous souhaitez initier.<\/p>\n\n\n\n<h2 class=\"wp-block-heading\"><strong>Les s\u00e9ances en visioconf\u00e9rence <\/strong>(\u00e0 distance)<strong> sont-elles possibles ?<\/strong><\/h2>\n\n\n\n<p>Oui, bien que je pr\u00e9f\u00e8re la rencontre humaine sans interface num\u00e9rique, une s\u00e9ance est tout \u00e0 fait possible en visio si vous avez une connexion internet fonctionnelle et une pi\u00e8ce o\u00f9 vous isoler pour la s\u00e9ance.<\/p>\n\n\n\n<h2 class=\"wp-block-heading has-text-align-right\"><strong>Pouvez-vous vous d\u00e9placer \u00e0 domicile ? <\/strong><\/h2>\n\n\n\n<p class=\"has-text-align-right\">Oui bien s\u00fbr, \u00e0 condition que ce soit dans Caen ou accessible en tramway.<\/p>\n\n\n<p><\/body><br \/>\n<\/html><\/p>","protected":false},"excerpt":{"rendered":"<p>Page avec fond noir C&rsquo;est quoi exactement l&rsquo;\u00e9tat d&rsquo;hypnose ? C&rsquo;est un \u00e9tat de conscience modifi\u00e9 qui vous permet d&rsquo;acc\u00e9der \u00e0 vos ressources inconscientes. Gr\u00e2ce \u00e0 cela, vous pouvez op\u00e9rer [&hellip;]<\/p>\n","protected":false},"author":1,"featured_media":0,"parent":0,"menu_order":0,"comment_status":"closed","ping_status":"closed","template":"","meta":{"_uag_custom_page_level_css":"","_EventAllDay":false,"_EventTimezone":"","_EventStartDate":"","_EventEndDate":"","_EventStartDateUTC":"","_EventEndDateUTC":"","_EventShowMap":false,"_EventShowMapLink":false,"_EventURL":"","_EventCost":"","_EventCostDescription":"","_EventCurrencySymbol":"","_EventCurrencyCode":"","_EventCurrencyPosition":"","_EventDateTimeSeparator":"","_EventTimeRangeSeparator":"","_EventOrganizerID":[],"_EventVenueID":[],"_OrganizerEmail":"","_OrganizerPhone":"","_OrganizerWebsite":"","_VenueAddress":"","_VenueCity":"","_VenueCountry":"","_VenueProvince":"","_VenueState":"","_VenueZip":"","_VenuePhone":"","_VenueURL":"","_VenueStateProvince":"","_VenueLat":"","_VenueLng":"","_VenueShowMap":false,"_VenueShowMapLink":false,"footnotes":""},"class_list":["post-68","page","type-page","status-publish","hentry"],"uagb_featured_image_src":{"full":false,"thumbnail":false,"medium":false,"medium_large":false,"large":false,"1536x1536":false,"2048x2048":false},"uagb_author_info":{"display_name":"admin1282","author_link":"https:\/\/humana-therapie.com\/index.php\/author\/admin1282\/"},"uagb_comment_info":0,"uagb_excerpt":"Page avec fond noir C&rsquo;est quoi exactement l&rsquo;\u00e9tat d&rsquo;hypnose ? C&rsquo;est un \u00e9tat de conscience modifi\u00e9 qui vous permet d&rsquo;acc\u00e9der \u00e0 vos ressources inconscientes. Gr\u00e2ce \u00e0 cela, vous pouvez op\u00e9rer [&hellip;]","_links":{"self":[{"href":"https:\/\/humana-therapie.com\/index.php\/wp-json\/wp\/v2\/pages\/68","targetHints":{"allow":["GET"]}}],"collection":[{"href":"https:\/\/humana-therapie.com\/index.php\/wp-json\/wp\/v2\/pages"}],"about":[{"href":"https:\/\/humana-therapie.com\/index.php\/wp-json\/wp\/v2\/types\/page"}],"author":[{"embeddable":true,"href":"https:\/\/humana-therapie.com\/index.php\/wp-json\/wp\/v2\/users\/1"}],"replies":[{"embeddable":true,"href":"https:\/\/humana-therapie.com\/index.php\/wp-json\/wp\/v2\/comments?post=68"}],"version-history":[{"count":14,"href":"https:\/\/humana-therapie.com\/index.php\/wp-json\/wp\/v2\/pages\/68\/revisions"}],"predecessor-version":[{"id":561,"href":"https:\/\/humana-therapie.com\/index.php\/wp-json\/wp\/v2\/pages\/68\/revisions\/561"}],"wp:attachment":[{"href":"https:\/\/humana-therapie.com\/index.php\/wp-json\/wp\/v2\/media?parent=68"}],"curies":[{"name":"wp","href":"https:\/\/api.w.org\/{rel}","templated":true}]}}